{"id":37,"date":"2012-03-16T09:24:06","date_gmt":"2012-03-16T09:24:06","guid":{"rendered":"http:\/\/csif.umh.es\/pas\/calendario-laboral-2012\/"},"modified":"2026-02-12T13:59:29","modified_gmt":"2026-02-12T12:59:29","slug":"calendario-laboral-2012","status":"publish","type":"page","link":"https:\/\/csif.umh.es\/ca\/pas\/calendario-laboral-2012\/","title":{"rendered":"<span lang=\"es\">(Espa\u00f1ol) Calendario Laboral del PTGAS<\/span>"},"content":{"rendered":"<p><img loading=\"lazy\" class=\"alignnone size-full wp-image-5187 alignleft\" src=\"https:\/\/csif.umh.es\/files\/2024\/03\/Calendario-2024.jpg\" alt=\"\" width=\"300\" height=\"230\"><\/p>\n<p style=\"text-align: justify\"><strong>El Calendario Laboral<\/strong>&nbsp; ser\u00e1 de aplicaci\u00f3n al Personal T\u00e9cnico, de Gesti\u00f3n y de Administraci\u00f3n y servicios (PTGAS) , funcionario, laboral fijo y contratado temporal, que preste sus servicios en la Universidad Miguel Hern\u00e1ndez.&nbsp;<\/p>\n<p style=\"text-align: justify\">Calendario Laboral para PTGAS <strong>a\u00f1o 2025<\/strong>, aprobado por Consejo de Gobierno en sesi\u00f3n celebrada el d\u00eda <strong>d\u00eda 29 de enero de 2025<\/strong>:&nbsp;<\/p>\n<p><a href=\"https:\/\/csif.umh.es\/files\/2025\/02\/RCOGO-026-25-Not-acu.-Calendario-laboral-del-PTGAS-2025.pdf\"><strong>Calendario-laboral-del-PTGAS-2025<\/strong><\/a><\/p>\n<p style=\"text-align: justify\"><strong style=\"color: #339966\">D\u00cdAS FESTIVOS NACIONALES Y DE LA COMUNIDAD VALENCIANA 2025<\/strong><\/p>\n<div align=\"justify\">\n<div align=\"justify\">&nbsp;&nbsp;&nbsp;&nbsp;&nbsp;&nbsp;&nbsp;&nbsp;&nbsp;&nbsp;1 de enero, A\u00f1o Nuevo &nbsp;&nbsp;&nbsp;&nbsp;&nbsp;&nbsp;&nbsp;&nbsp;<\/div>\n<div align=\"justify\">&nbsp;&nbsp;&nbsp;&nbsp;&nbsp;&nbsp;&nbsp;&nbsp;&nbsp;&nbsp;6 de enero, Epifan\u00eda del Se\u00f1or<\/div>\n<div align=\"justify\">&nbsp;&nbsp;&nbsp;&nbsp;&nbsp;&nbsp;&nbsp;&nbsp;&nbsp;&nbsp;19 de marzo, San Jos\u00e9 &nbsp;&nbsp;&nbsp;&nbsp;&nbsp;&nbsp;&nbsp;&nbsp;&nbsp;&nbsp;&nbsp;&nbsp;&nbsp;&nbsp;&nbsp;&nbsp;&nbsp;&nbsp;&nbsp;&nbsp;&nbsp;&nbsp;&nbsp;&nbsp;&nbsp;&nbsp;&nbsp;&nbsp;&nbsp;&nbsp;&nbsp;&nbsp;<\/div>\n<div align=\"justify\">&nbsp;&nbsp;&nbsp;&nbsp;&nbsp;&nbsp;&nbsp;&nbsp;&nbsp;&nbsp;18 de abril, Viernes Santo&nbsp;&nbsp;&nbsp;&nbsp;&nbsp;&nbsp;&nbsp;&nbsp;&nbsp;&nbsp;&nbsp;&nbsp;&nbsp;&nbsp;&nbsp;&nbsp;<\/div>\n<div align=\"justify\">&nbsp;&nbsp;&nbsp;&nbsp;&nbsp;&nbsp;&nbsp;&nbsp;&nbsp;&nbsp;21 de abril, Lunes de Pascua&nbsp;&nbsp;&nbsp;&nbsp;&nbsp;&nbsp;&nbsp;&nbsp;&nbsp;&nbsp;&nbsp;&nbsp;<\/div>\n<div align=\"justify\">&nbsp;&nbsp;&nbsp;&nbsp;&nbsp;&nbsp;&nbsp;&nbsp;&nbsp;&nbsp;1 de mayo, Fiesta del Trabajo &nbsp;&nbsp;&nbsp;&nbsp;&nbsp;&nbsp;&nbsp;&nbsp;&nbsp;&nbsp;&nbsp;&nbsp;&nbsp;&nbsp;&nbsp;&nbsp;&nbsp;&nbsp;&nbsp;&nbsp;&nbsp;&nbsp;&nbsp;&nbsp;&nbsp;&nbsp;&nbsp;&nbsp;&nbsp;&nbsp;&nbsp;&nbsp;<\/div>\n<div align=\"justify\">&nbsp;&nbsp;&nbsp;&nbsp;&nbsp;&nbsp;&nbsp;&nbsp;&nbsp;&nbsp;15 de agosto, Asunci\u00f3n de la Virgen,&nbsp;&nbsp;&nbsp;&nbsp;&nbsp;&nbsp;&nbsp;&nbsp;&nbsp;&nbsp;<\/div>\n<div align=\"justify\">&nbsp;&nbsp;&nbsp;&nbsp;&nbsp;&nbsp;&nbsp;&nbsp;&nbsp;&nbsp;9 de octubre, D\u00eda de la Comunitat Valenciana<\/div>\n<div align=\"justify\">&nbsp;&nbsp;&nbsp;&nbsp;&nbsp;&nbsp;&nbsp;&nbsp;&nbsp;&nbsp;1 de noviembre, Todos los Santos<\/div>\n<div align=\"justify\">&nbsp;&nbsp;&nbsp;&nbsp;&nbsp;&nbsp;&nbsp;&nbsp;&nbsp;&nbsp;6 de diciembre, D\u00eda de la Constituci\u00f3n<\/div>\n<div align=\"justify\">&nbsp;&nbsp;&nbsp;&nbsp;&nbsp;&nbsp;&nbsp;&nbsp;&nbsp;&nbsp;8 de diciembre, Inmaculada Concepci\u00f3n<\/div>\n<div align=\"justify\">&nbsp;&nbsp;&nbsp;&nbsp;&nbsp;&nbsp;&nbsp;&nbsp;&nbsp;&nbsp;25 de diciembre, Natividad del Se\u00f1or<\/div>\n<div align=\"justify\">&nbsp;&nbsp;&nbsp;&nbsp;&nbsp;&nbsp;&nbsp;&nbsp;&nbsp;<strong>&nbsp;Con car\u00e1cter retribuido y recuperable, se establece la siguiente fiesta:<\/strong><\/div>\n<div align=\"justify\">&nbsp;&nbsp;&nbsp;&nbsp;&nbsp;&nbsp;&nbsp;&nbsp;&nbsp;&nbsp;24 de junio, San Juan<\/div>\n<div align=\"justify\">&nbsp;<\/div>\n<div align=\"justify\"><span style=\"text-decoration: underline;color: #339966\"><strong>FIESTAS LOCALES 2025<\/strong><\/span><\/div>\n<p><span style=\"text-decoration: underline\"><strong>En Altea:<\/strong><\/span><br \/>\nLos d\u00edas <strong>29 y 30 de septiembre<\/strong>, y <strong>24 de junio<\/strong>, ser\u00e1n festivos a todos los efectos en esta localidad.<br \/>\n<span style=\"text-decoration: underline\"><strong>En Elche:<\/strong><\/span><br \/>\nLos d\u00edas 2<strong>8 de abril, 29 de diciembre y 24 de junio<\/strong> ser\u00e1n festivos a todos los efectos en esta localidad. Dado que el d\u00eda <strong>29 de diciembre<\/strong> coincide con el turno de Navidad, el personal que realiza sus funciones en el campus de Elche podr\u00e1 optar por disfrutar un d\u00eda adicional de libre disposici\u00f3n durante la anualidad correspondiente.<br \/>\n<strong><span style=\"text-decoration: underline\">En Orihuela:<\/span><\/strong><br \/>\nLos d\u00edas <strong>17 de julio, 8 de septiembre y 24 de junio<\/strong> ser\u00e1n festivos a todos los efectos en esta localidad.<br \/>\n<span style=\"text-decoration: underline\"><strong>En Sant Joan d\u00b4Alacant:<\/strong><\/span><br \/>\nLos d\u00edas <strong>23, 24 y 25 de junio<\/strong> ser\u00e1n festivos a todos los efectos en esta localidad.<\/p>\n<p><span style=\"color: #339966\"><a style=\"color: #339966\" href=\"https:\/\/urldefense.com\/v3\/__https:\/dogv.gva.es\/es\/resultat-dogv?signatura=2024*8310__;Lw!!D9dNQwwGXtA!XLz_hD9Vzm398iujZXI3p03_YthK41GNwoSA6oVT4PFsJrj2dbEL6ZeW_tM_p7-hufMKmBRnO7z1F3lE9orr6A$\"><strong>DECRETO<\/strong> <strong>100\/2024, de 2 de agosto, del Consell<\/strong><\/a><\/span><\/p>\n<\/div>\n<p><a href=\"https:\/\/csif.umh.es\/files\/2025\/02\/RCOGO-025-25-Not-acu.-Normativa-permisos-y-licencias-PTGAS.pdf\"><strong>Normativa-permisos-y-licencias-PTGAS 2025<\/strong><\/a><\/p>","protected":false},"excerpt":{"rendered":"<p>El Calendario Laboral&nbsp; ser\u00e1 de aplicaci\u00f3n al Personal T\u00e9cnico, de Gesti\u00f3n y de Administraci\u00f3n y servicios (PTGAS) , funcionario, laboral fijo y contratado temporal, que preste sus servicios en la Universidad Miguel Hern\u00e1ndez.&nbsp;<br \/>\nCalendario Laboral para PTGAS a\u00f1o 2025, aprobado por Consejo de Gobierno en sesi\u00f3n celebrada el d\u00eda d\u00eda 29 de enero de 2025:&nbsp;<br \/>\nCalendario-laboral-del-PTGAS-2025<br \/>\nD\u00cdAS FESTIVOS [&#8230;]<\/p>\n","protected":false},"author":95,"featured_media":0,"parent":33,"menu_order":0,"comment_status":"closed","ping_status":"open","template":"","meta":{"ngg_post_thumbnail":0,"_links_to":"","_links_to_target":""},"_links":{"self":[{"href":"https:\/\/csif.umh.es\/ca\/wp-json\/wp\/v2\/pages\/37"}],"collection":[{"href":"https:\/\/csif.umh.es\/ca\/wp-json\/wp\/v2\/pages"}],"about":[{"href":"https:\/\/csif.umh.es\/ca\/wp-json\/wp\/v2\/types\/page"}],"author":[{"embeddable":true,"href":"https:\/\/csif.umh.es\/ca\/wp-json\/wp\/v2\/users\/95"}],"replies":[{"embeddable":true,"href":"https:\/\/csif.umh.es\/ca\/wp-json\/wp\/v2\/comments?post=37"}],"version-history":[{"count":0,"href":"https:\/\/csif.umh.es\/ca\/wp-json\/wp\/v2\/pages\/37\/revisions"}],"up":[{"embeddable":true,"href":"https:\/\/csif.umh.es\/ca\/wp-json\/wp\/v2\/pages\/33"}],"wp:attachment":[{"href":"https:\/\/csif.umh.es\/ca\/wp-json\/wp\/v2\/media?parent=37"}],"curies":[{"name":"wp","href":"https:\/\/api.w.org\/{rel}","templated":true}]}}