{"id":15,"date":"2012-03-15T16:46:48","date_gmt":"2012-03-15T16:46:48","guid":{"rendered":"http:\/\/csif.umh.es\/quienes-somos\/"},"modified":"2025-09-17T12:38:20","modified_gmt":"2025-09-17T10:38:20","slug":"presentacion","status":"publish","type":"page","link":"https:\/\/csif.umh.es\/ca\/presentacion\/","title":{"rendered":"Presentaci\u00f3"},"content":{"rendered":"<p><\/p>\n<p><a href=\"https:\/\/csif.umh.es\/files\/2012\/03\/logo-csi.f-de-la-presentaci\u00f3n-del-BLOG-UNIVERSIDAD.jpg\"><\/a><\/p>\n<p style=\"text-align: justify\"><a href=\"https:\/\/csif.umh.es\/files\/2012\/03\/Universitat1.jpg\"><\/a><a href=\"https:\/\/csif.umh.es\/files\/2012\/03\/presentaci\u00f3n-valenciano-4.jpg\"><img loading=\"lazy\" class=\"alignleft size-full wp-image-641\" title=\"CSI.F Universitat \" src=\"https:\/\/csif.umh.es\/files\/2012\/03\/presentaci\u00f3n-valenciano-4.jpg\" alt=\"\" width=\"276\" height=\"199\" \/><\/a>La Secci\u00f3 Sindical <strong>CSI.F<\/strong> (Central Sindical Independent i de Funcionaris) de la Universitat Miguel Hern\u00e1ndez, t\u00e9 el plaure de saludar-vos i donar-vos la benvinguda.<\/p>\n<p style=\"text-align: justify\">Des dels nostres or\u00edgens en el m\u00f3n sindical, hem apostat per fer un sindicat al servei dels treballadors amb una clara vocaci\u00f3 d&#8217;independ\u00e8ncia. Els seus estatuts li permeten ser un sindicat modern, din\u00e0mic, negociador i resolutiu.<\/p>\n<p style=\"text-align: justify\">Tots els que formem part d&#8217;aquest projecte hem de treballar cada dia amb il\u00b7lusi\u00f3, entusiasme i lliurament.<\/p>\n<p style=\"text-align: justify\">CSI.F, \u00e9s un dels sindicats majoritaris en les Administracions P\u00fabliques. El nostre repte i comprom\u00eds \u00e9s treballar des del di\u00e0leg i la negociaci\u00f3 per a la millora de les condicions sociolaborals i la defensa dels drets dels treballadors. El nostre objectiu consisteix a demostrar que existeix una forma diferent de defensar als treballadors; que la participaci\u00f3, la negociaci\u00f3 professional i responsable, enriqueix a la societat.<\/p>\n<p style=\"text-align: justify\">Tots els companys que formem part de la Secci\u00f3 Sindical CSI.F de la Universitat Miguel Hern\u00e1ndez estem a la vostra disposici\u00f3 per al que necessiteu.<\/p>\n<p style=\"text-align: justify\">Gr\u00e0cies per confiar en nosaltres.<\/p>\n<p style=\"text-align: justify\"><strong>Secci\u00f3 Sindical CSI.F UMH<\/strong><\/p>\n<\/p>\n<p><\/p>","protected":false},"excerpt":{"rendered":"<p>La Secci\u00f3 Sindical CSI.F (Central Sindical Independent i de Funcionaris) de la Universitat Miguel Hern\u00e1ndez, t\u00e9 el plaure de saludar-vos i donar-vos la benvinguda.<br \/>\nDes dels nostres or\u00edgens en el m\u00f3n sindical, hem apostat per fer un sindicat al servei dels treballadors amb una clara vocaci\u00f3 d&#8217;independ\u00e8ncia. Els seus estatuts li permeten ser un sindicat modern, [&#8230;]<\/p>\n","protected":false},"author":165,"featured_media":0,"parent":0,"menu_order":0,"comment_status":"closed","ping_status":"open","template":"","meta":{"ngg_post_thumbnail":0,"_links_to":"","_links_to_target":""},"_links":{"self":[{"href":"https:\/\/csif.umh.es\/ca\/wp-json\/wp\/v2\/pages\/15"}],"collection":[{"href":"https:\/\/csif.umh.es\/ca\/wp-json\/wp\/v2\/pages"}],"about":[{"href":"https:\/\/csif.umh.es\/ca\/wp-json\/wp\/v2\/types\/page"}],"author":[{"embeddable":true,"href":"https:\/\/csif.umh.es\/ca\/wp-json\/wp\/v2\/users\/165"}],"replies":[{"embeddable":true,"href":"https:\/\/csif.umh.es\/ca\/wp-json\/wp\/v2\/comments?post=15"}],"version-history":[{"count":0,"href":"https:\/\/csif.umh.es\/ca\/wp-json\/wp\/v2\/pages\/15\/revisions"}],"wp:attachment":[{"href":"https:\/\/csif.umh.es\/ca\/wp-json\/wp\/v2\/media?parent=15"}],"curies":[{"name":"wp","href":"https:\/\/api.w.org\/{rel}","templated":true}]}}